{"id":2,"date":"2023-02-11T10:30:08","date_gmt":"2023-02-11T10:30:08","guid":{"rendered":"https:\/\/fireandice.uf-hosting.de\/?page_id=2"},"modified":"2024-07-19T06:44:22","modified_gmt":"2024-07-19T06:44:22","slug":"autopflege-rottweil","status":"publish","type":"page","link":"https:\/\/fire-ice-car.de\/","title":{"rendered":"Autopflege Rottweil"},"content":{"rendered":"<div class=\"lazyblock-header-ZvfduL wp-block-lazyblock-header\" id=\"start\">  <section class=\"header\" id=\"start\" style=\"background-image: url(https:\/\/fire-ice-car.de\/wp-content\/uploads\/2023\/02\/FireIce_Head_Mercedes-scaled-e1676119876116.jpg);\">\n  <div class=\"container min-vh-100\">\n  <div class=\"row h-100\">\n  <div class=\"col-10 offset-2 offset-md-0 col-md-8 col-lg-6 min-vh-100 d-flex align-items-center\">\n    <div class=\"wrapper\">\n        <h1 class=\"h2 pb-5\">Ihr Premium-Partner f\u00fcr Autopflege, Car-Detailing, und Keramik-Versiegelung im Kreis Rottweil.<\/h1>\n      <a href=\"https:\/\/wa.me\/491608468513\" data-bs-toggle=\"modal\" data-bs-target=\"#terminModal\" class=\"cta\">\n        <div data-title=\"Termin buchen\"><span>Termin buchen<\/span><i class=\"arrow\"><\/i> <\/div >\n      <\/a>\n    \n        <\/div>\n    <\/div>  \n    <div class=\"col-md-6\">\n      <img decoding=\"async\" src=\"\" alt=\"\">\n    <\/div>\n    <\/div>\n    <\/div>\n  <\/section><\/div>\n\n<div class=\"lazyblock-philosophie-Z1HcLFa wp-block-lazyblock-philosophie\" id=\"philosophie\">\n\n<section class=\"philosophie\">\n  <div class=\"container\">\n    <div class=\"row h-100\">\n      <div class=\"col-md-3 d-flex flex-column align-items-start\">\n        <h2 class=\"h3\">Philosophie<\/h2>\n        <img decoding=\"async\" class=\"d-none d-xl-block mt-auto img-fluid\" style=\"width: 100%\" src=\"https:\/\/fire-ice-car.de\/wp-content\/themes\/bootscore-child-main\/img\/logo\/initial.svg\">\n\n      <\/div>\n      <div class=\"col-9 offset-xl-0 col-xl-6\">\n        <h2 class=\"h1\">Ein Leben ohne Auto ist m\u00f6glich, aber sinnlos. <\/h2>\n      <\/div>    \n    <div class=\"col-xl-3  offset-xl-0 offset-3 col-9 pt-5 pt-md-0\">\n      <p>Dein Auto ist f\u00fcr dich mehr als ein Fortbewegungsmittel. Es ist dein Herzensprojekt, dein treuer Gef\u00e4hrte, dein zweites Ich. <\/p>\n      <p>Dann bist du bei uns an der richtigen Adresse. Wir sind dein Premium Partner f\u00fcr Autopflege, Car-Detailing und Keramik-Versiegelung und sorgen daf\u00fcr, dass dein Auto im besten Licht erscheint und von anderen bewundert wird.<\/p>\n      <p>So kannst Du die Sch\u00f6nheit und Individualit\u00e4t deines Autos in vollen Z\u00fcgen genie\u00dfen und lange Freude an ihm haben.<\/p>\n    <\/div>\n    <\/div>\n    <\/div>\n  <\/section><\/div>\n\n<div class=\"lazyblock-leistungen-Z2wxgUE wp-block-lazyblock-leistungen\" id=\"car-detailing\">\n\n<section class=\"leistungen\">\n  <div class=\"container\" style=\"background-image: url(https:\/\/fire-ice-car.de\/wp-content\/uploads\/2023\/02\/FireIce_Leistungen_Porsche_full.jpg);\">\n    <div class=\"row\">\n      <div class=\"col-11 col-lg-5 d-flex flex-column align-items-start\">\n        <h2 class=\"h3 mb-5\">Leistungen<\/h2>\n        <h3 class=\"h1\">Sauber ist gut. blitzblank ist besser.<\/h3>\n      <\/div>\n      <div class=\"cross-left col-1\"><\/div>\n    <\/div>\n\n    <div class=\"row\">\n      <div class=\"col pt-5 pb-5\"><\/div>\n    <\/div>  \n    <div class=\"row\">\n    <div class=\"cross-left col-1\"><\/div>\n      <div class=\"col-xl-4\">\n        <h2 class=\"h1 pb-xl-5\">Exterieur<\/h2>\n      <\/div>\n      <div class=\"cross-left col-1\"><\/div>\n    <\/div>  \n\n    <div class=\"row\">\n\n    \n    <div class=\"col-2 col-lg-1 d-flex flex-column\">\n\n    <\/div>\n    <div class=\"col-10 col-lg-4 col-xl-4 d-flex flex-column\">\n    <h2 class=\"h2 mt-5 mb-5\">Aufbereitung<\/h2>\n\n    <h3 class=\"lhead\">Kleinwagen\/Mittelklasse\/Kombi<\/h3>\n      <ul class=\"desc mt-auto\">\n               <li><span>Handw\u00e4sche<\/span><span class=\"price\">60 \u20ac<\/span><\/li>                <li><span>T\u00fcrfalz reinigen<\/span><span class=\"price\">30  \u20ac<\/span><\/li>                <li><span>T\u00fcreinstieg reinigen<\/span><span class=\"price\">30  \u20ac<\/span><\/li>                <li><span>Felgen reinigen<\/span><span class=\"price\">45  \u20ac<\/span><\/li>                                                                     <\/ul>\n   \n\n    <h3 class=\"lhead\" class=\" mt-5\">SUV\/Bus<\/h3>\n      <ul class=\"desc mt-auto\">\n                                                                       <li><span>Handw\u00e4sche<\/span><span class=\"price\">75  \u20ac<\/span><\/li>                <li><span>T\u00fcrfalz reinigen<\/span><span class=\"price\">40  \u20ac<\/span><\/li>                <li><span>T\u00fcreinstieg reinigen<\/span><span class=\"price\">40  \u20ac<\/span><\/li>                <li><span>Felgen reinigen<\/span><span class=\"price\">50  \u20ac<\/span><\/li>             <\/ul>\n\n      <a href=\"#\" data-bs-toggle=\"modal\" data-bs-target=\"#terminModal\" class=\"cta mt-5\">\n        <div data-title=\"Termin buchen\"><span>Termin buchen<\/span><i class=\"arrow\"><\/i> <\/div>\n      <\/a>\n\n\n    <\/div>\n    \n\n    <div class=\"offset-2 offset-lg-1 col-10 col-lg-4 col-xl-4 d-flex flex-column\">\n    <h2 class=\"h2 mt-5 mb-5\">Hochwertige Lackpolitur<\/h2>\n\n    <h3 class=\"lhead\">Kleinwagen\/Mittelklasse\/Kombi<\/h3>\n      <ul class=\"des\">\n               <li><span>1-stufige Hochglanz-Politur<\/span><span class=\"price\">180  \u20ac<\/span><\/li>                <li><span>2-stufige Lackdefektkorrektur<\/span><span class=\"price\">360  \u20ac<\/span><\/li>                                         <\/ul>\n   \n\n    <h3 class=\"lhead\" class=\"mt-5\">SUV\/Bus<\/h3>\n      <ul class=\"desc\">\n                                           <li><span>1-stufige Hochglanz-Politur<\/span><span class=\"price\">215  \u20ac<\/span><\/li>                <li><span>2-stufige Lackdefektkorrektur<\/span><span class=\"price\">430  \u20ac<\/span><\/li>             <\/ul>\n\n      <a href=\"#\" data-bs-toggle=\"modal\" data-bs-target=\"#terminModal\" class=\"cta mt-5\">\n        <div data-title=\"Termin buchen\"><span>Termin buchen<\/span><i class=\"arrow\"><\/i> <\/div>\n      <\/a>\n\n\n    <\/div>\n  \n\n\n  \n\n    <\/div>\n\n\n<!-- Exterieur --->\n\n<\/div>\n<div class=\"background-container\" style=\"background-size: contain; background-repeat: no-repeat; background-image: url(https:\/\/fire-ice-car.de\/wp-content\/uploads\/2023\/02\/FireIce_Interieur-scaled.jpg);\">\n<div class=\"container\">\n\n\n<div class=\"row\">\n      <div class=\"cross-left col-1 offset-xl-4\"><\/div>\n      <div class=\"col-xl-4\">\n        <h2 class=\"h1 pb-xl-5\">Interieur<\/h2>\n      <\/div>\n      <div class=\"cross-left col-1\"><\/div>\n    <\/div>  \n\n    <div class=\"row interieur\">\n   <!-- Start -->\n\n    <div class=\"col-2 col-lg-1 d-flex flex-column offset-xl-4\">\n\n     \n    <\/div>\n    <div class=\"col-10  col-lg-4 col-xl-3 d-flex flex-column mt-5\">\n    \n\n      <h3>Kleinwagen\/Mittelklasse\/Kombi<\/h3>\n<p>Fahrzeug ausr\u00e4umen und Reinigung von Boden, Sitzen und Kofferraum. Aussaugen und gr\u00fcndliches Entfernen von Schmutz, Staub und Ablagerungen.<\/p>\n<p>Detailreinigung von Fu\u00dfmatten, Armaturenbrett, Mittelkonsole, Glasscheiben, T\u00fcrverkleidung und Pedalen f\u00fcr ein makelloses Aussehen.<\/p>\n<p>155 \u20ac<\/p>\n      <a href=\"#\" data-bs-toggle=\"modal\" data-bs-target=\"#terminModal\" class=\"cta mt-5\">\n        <div data-title=\"Termin buchen\"><span>Termin buchen<\/span><i class=\"arrow\"><\/i> <\/div>\n      <\/a>\n\n\n\n    <\/div>\n\n\n    <div class=\"col-2 col-lg-1 d-flex flex-column\">\n\n     \n<\/div>\n<div class=\"col-10  col-lg-4 col-xl-3 d-flex flex-column mt-5\">\n\n\n  <h3>SUV\/Bus<\/h3>Fahrzeug ausr\u00e4umen und Reinigung von Boden, Sitzen und Kofferraum. Aussaugen und gr\u00fcndliches Entfernen von Schmutz, Staub und Ablagerungen.<br><br>Detailreinigung von Fu\u00dfmatten, Armaturenbrett, Mittelkonsole, Glasscheiben, T\u00fcrverkleidung und Pedalen f\u00fcr ein makelloses Aussehen.<br><br>180\u20ac\n  <a href=\"#\" class=\"cta mt-5\" data-bs-toggle=\"modal\" data-bs-target=\"#terminModal\">\n\n    <div data-title=\"Termin buchen\"><span>Termin buchen<\/span><i class=\"arrow\"><\/i> <\/div>\n  <\/a>\n\n\n\n<\/div>\n   \n\n\n\n    <!-- End -->\n\n    <\/div>\n\n    <\/div>\n\n    <\/div>\n  <\/section><\/div>\n\n<div class=\"lazyblock-exklusiv-9ITvT wp-block-lazyblock-exklusiv\" id=\"kreamik-versiegelung\">\n<div class=\"background-container\" style=\"position: absolute; width: 100%; height: 100%; background-size: contain; background-position: top center; background-repeat: no-repeat; background-image: url(https:\/\/fire-ice-car.de\/wp-content\/uploads\/2023\/02\/FireIce_Keramik.png);\">\n<\/div>\n<section class=\"exklusiv\">\n\n  <div class=\"container\">\n    <div class=\"row h-100\">\n      <div class=\"col-xl-3 cross-1\">\n        <h2 class=\"h3\">Exklusiv f\u00fcr Dich<\/h2>\n      \n\n      <\/div>\n      <div class=\"col-xl-5\">\n      <h2 class=\"h1\">Keramik Versiegelung<\/h2>\n\n      <div class=\"row mt-5\">\n        <div class=\"col-xl-8\"><p>F\u00fcr Lack, Felgen. Bremszange, Radk\u00e4sten, Leder, Kunststoff, Stoff und Glasscheiben.<\/p>\n        <\/div>\n      <\/div>\n\n      <a href=\"#\" class=\"cta mt-5 d-none d-xl-block\">\n        <div data-title=\"Preis anfragen\"><span>Preis anfragen<\/span><i class=\"arrow\"><\/i> <\/div>\n      <\/a>\n      <\/div>    \n    <div class=\"col-xl-3 offset-xl-1 cross-2\">\n      <p>Keramik-Versiegelung von CeramicPro sch\u00fctzt Exterieur und Interieur und zwar Permanent. Die Oberfl\u00e4chen gl\u00e4nzen und weisen Schmutz ab. Der Wiederverkaufswert deines Fahrzeugs steigt und deine Freude am eigenen Auto. <\/p>\n      <a href=\"#\" class=\"cta mt-5 d-block d-xl-none\">\n        <div data-title=\"Preis anfragen\"><span>Preis anfragen<\/span><i class=\"arrow\"><\/i> <\/div>\n      <\/a>\n\n    <\/div>\n    <\/div>\n    <\/div>\n  <\/section><\/div>\n\n<div class=\"lazyblock-referenzen-XrEJk wp-block-lazyblock-referenzen\" id=\"referenzen\">\n\n<section class=\"referenzen\">\n\n  <div class=\"container\">\n    <div class=\"row h-100\">\n      <div class=\"col-xl-4 cross-1\">\n        <h2 class=\"h3\">Kunden Bewertungen<\/h2>\n      \n\n      <\/div>\n      <div class=\"col-xl-6\">\n        <h2 class=\"h1\">Taten sprechen lauter als Worte.<\/h2>\n      <\/div>\n      <div class=\"col-1 cross-2\"><\/div>\n    <\/div>\n    <div class=\"row mt-5\">\n\n  \n\n              <div class=\"col-xl-3 pb-5 pt-5 pt-xl-5\">\n          <h4 class=\"h4\">Steffen H.<\/h4>\n          \n          <p class=\"starcontainer pt-xl-5\">\n                     <i class=\"icon-star\"><\/i>\n                     <i class=\"icon-star\"><\/i>\n                     <i class=\"icon-star\"><\/i>\n                     <i class=\"icon-star\"><\/i>\n                     <i class=\"icon-star\"><\/i>\n            \n          <\/p>  \n          <p>\n          5 Sterne vom Erstkontakt bis zur fertigen Abwicklung &#8211; PERFEKT! Wer einen zuverl\u00e4ssigen, ehrlichen und Detail verliebten Autoaufbereiter sucht wird hier f\u00fcndig. Wir sehen uns wieder!          <\/p>\n        <\/div>\n        <div class=\"d-none d-xl-block col-xl-1\">\n\n        <\/div>\n\n                <div class=\"col-xl-3 pb-5 pt-5 pt-xl-5\">\n          <h4 class=\"h4\">Kathrin F<\/h4>\n          \n          <p class=\"starcontainer pt-xl-5\">\n                     <i class=\"icon-star\"><\/i>\n                     <i class=\"icon-star\"><\/i>\n                     <i class=\"icon-star\"><\/i>\n                     <i class=\"icon-star\"><\/i>\n                     <i class=\"icon-star\"><\/i>\n            \n          <\/p>  \n          <p>\n          Hat alles super geklappt! Preis Leistung Top ! Aufgrund des Rauchgeruchs vom Vorbesitzer hab ich das Auto innen komplett reinigen lassen. Der Geruch ist nahezu verschwunden und Auto sieht innen aus wie neu. Nur schade dass es mit Kind im Auto nicht lange so sauber bleiben wird \ud83d\ude09 komme deshalb bestimmt mal wieder:-)          <\/p>\n        <\/div>\n        <div class=\"d-none d-xl-block col-xl-1\">\n\n        <\/div>\n\n                <div class=\"col-xl-3 pb-5 pt-5 pt-xl-5\">\n          <h4 class=\"h4\">Dzenana Becirbegovic<\/h4>\n          \n          <p class=\"starcontainer pt-xl-5\">\n                     <i class=\"icon-star\"><\/i>\n                     <i class=\"icon-star\"><\/i>\n                     <i class=\"icon-star\"><\/i>\n                     <i class=\"icon-star\"><\/i>\n                     <i class=\"icon-star\"><\/i>\n            \n          <\/p>  \n          <p>\n          Preis\/Leistung unschlagbar!!!!!\nDas Team nimmt sich wirklich Zeit bei der Beratung hinsichtlich der Aufbereitung und es wird einem alles erkl\u00e4rt.\n\nNach der Aufbereitung sieht das Auto wie neu aus. Wir kommen gerne wieder. Nur zum weiterempfehlen!! Macht weiter so!! \ud83d\udc4d\ud83d\udc4d\ud83d\udc4d\u270c\ufe0f          <\/p>\n        <\/div>\n        <div class=\"d-none d-xl-block col-xl-1\">\n\n        <\/div>\n\n        \n\n    <\/div>\n    <\/div>\n  <\/section><\/div>","protected":false},"excerpt":{"rendered":"","protected":false},"author":1,"featured_media":0,"parent":0,"menu_order":0,"comment_status":"closed","ping_status":"open","template":"page-templates\/page-blank.php","meta":{"footnotes":""},"class_list":["post-2","page","type-page","status-publish","hentry"],"yoast_head":"<!-- This site is optimized with the Yoast SEO plugin v26.2 - https:\/\/yoast.com\/wordpress\/plugins\/seo\/ -->\n<title>Autopflege Rottweil - FIRE+ICE<\/title>\n<meta name=\"description\" content=\"Wir sind Ihr Premium-Partner f\u00fcr Autopflege, Car-Detailing, und Keramik-Versiegelung im Kreis Rottweil. \u270c\ufe0f\" \/>\n<meta name=\"robots\" content=\"index, follow, max-snippet:-1, max-image-preview:large, max-video-preview:-1\" \/>\n<link rel=\"canonical\" href=\"https:\/\/fire-ice-car.de\/\" \/>\n<meta property=\"og:locale\" content=\"de_DE\" \/>\n<meta property=\"og:type\" content=\"article\" \/>\n<meta property=\"og:title\" content=\"Autopflege Rottweil - FIRE+ICE\" \/>\n<meta property=\"og:description\" content=\"Wir sind Ihr Premium-Partner f\u00fcr Autopflege, Car-Detailing, und Keramik-Versiegelung im Kreis Rottweil. \u270c\ufe0f\" \/>\n<meta property=\"og:url\" content=\"https:\/\/fire-ice-car.de\/\" \/>\n<meta property=\"og:site_name\" content=\"FIRE+ICE\" \/>\n<meta property=\"article:modified_time\" content=\"2024-07-19T06:44:22+00:00\" \/>\n<meta name=\"twitter:card\" content=\"summary_large_image\" \/>\n<script type=\"application\/ld+json\" class=\"yoast-schema-graph\">{\"@context\":\"https:\/\/schema.org\",\"@graph\":[{\"@type\":\"WebPage\",\"@id\":\"https:\/\/fire-ice-car.de\/\",\"url\":\"https:\/\/fire-ice-car.de\/\",\"name\":\"Autopflege Rottweil - FIRE+ICE\",\"isPartOf\":{\"@id\":\"https:\/\/fire-ice-car.de\/#website\"},\"datePublished\":\"2023-02-11T10:30:08+00:00\",\"dateModified\":\"2024-07-19T06:44:22+00:00\",\"description\":\"Wir sind Ihr Premium-Partner f\u00fcr Autopflege, Car-Detailing, und Keramik-Versiegelung im Kreis Rottweil. \u270c\ufe0f\",\"breadcrumb\":{\"@id\":\"https:\/\/fire-ice-car.de\/#breadcrumb\"},\"inLanguage\":\"de\",\"potentialAction\":[{\"@type\":\"ReadAction\",\"target\":[\"https:\/\/fire-ice-car.de\/\"]}]},{\"@type\":\"BreadcrumbList\",\"@id\":\"https:\/\/fire-ice-car.de\/#breadcrumb\",\"itemListElement\":[{\"@type\":\"ListItem\",\"position\":1,\"name\":\"Startseite\",\"item\":\"https:\/\/fire-ice-car.de\/\"},{\"@type\":\"ListItem\",\"position\":2,\"name\":\"Autopflege Rottweil\"}]},{\"@type\":\"WebSite\",\"@id\":\"https:\/\/fire-ice-car.de\/#website\",\"url\":\"https:\/\/fire-ice-car.de\/\",\"name\":\"FIRE+ICE\",\"description\":\"\",\"potentialAction\":[{\"@type\":\"SearchAction\",\"target\":{\"@type\":\"EntryPoint\",\"urlTemplate\":\"https:\/\/fire-ice-car.de\/?s={search_term_string}\"},\"query-input\":{\"@type\":\"PropertyValueSpecification\",\"valueRequired\":true,\"valueName\":\"search_term_string\"}}],\"inLanguage\":\"de\"}]}<\/script>\n<!-- \/ Yoast SEO plugin. -->","yoast_head_json":{"title":"Autopflege Rottweil - FIRE+ICE","description":"Wir sind Ihr Premium-Partner f\u00fcr Autopflege, Car-Detailing, und Keramik-Versiegelung im Kreis Rottweil. \u270c\ufe0f","robots":{"index":"index","follow":"follow","max-snippet":"max-snippet:-1","max-image-preview":"max-image-preview:large","max-video-preview":"max-video-preview:-1"},"canonical":"https:\/\/fire-ice-car.de\/","og_locale":"de_DE","og_type":"article","og_title":"Autopflege Rottweil - FIRE+ICE","og_description":"Wir sind Ihr Premium-Partner f\u00fcr Autopflege, Car-Detailing, und Keramik-Versiegelung im Kreis Rottweil. \u270c\ufe0f","og_url":"https:\/\/fire-ice-car.de\/","og_site_name":"FIRE+ICE","article_modified_time":"2024-07-19T06:44:22+00:00","twitter_card":"summary_large_image","schema":{"@context":"https:\/\/schema.org","@graph":[{"@type":"WebPage","@id":"https:\/\/fire-ice-car.de\/","url":"https:\/\/fire-ice-car.de\/","name":"Autopflege Rottweil - FIRE+ICE","isPartOf":{"@id":"https:\/\/fire-ice-car.de\/#website"},"datePublished":"2023-02-11T10:30:08+00:00","dateModified":"2024-07-19T06:44:22+00:00","description":"Wir sind Ihr Premium-Partner f\u00fcr Autopflege, Car-Detailing, und Keramik-Versiegelung im Kreis Rottweil. \u270c\ufe0f","breadcrumb":{"@id":"https:\/\/fire-ice-car.de\/#breadcrumb"},"inLanguage":"de","potentialAction":[{"@type":"ReadAction","target":["https:\/\/fire-ice-car.de\/"]}]},{"@type":"BreadcrumbList","@id":"https:\/\/fire-ice-car.de\/#breadcrumb","itemListElement":[{"@type":"ListItem","position":1,"name":"Startseite","item":"https:\/\/fire-ice-car.de\/"},{"@type":"ListItem","position":2,"name":"Autopflege Rottweil"}]},{"@type":"WebSite","@id":"https:\/\/fire-ice-car.de\/#website","url":"https:\/\/fire-ice-car.de\/","name":"FIRE+ICE","description":"","potentialAction":[{"@type":"SearchAction","target":{"@type":"EntryPoint","urlTemplate":"https:\/\/fire-ice-car.de\/?s={search_term_string}"},"query-input":{"@type":"PropertyValueSpecification","valueRequired":true,"valueName":"search_term_string"}}],"inLanguage":"de"}]}},"_links":{"self":[{"href":"https:\/\/fire-ice-car.de\/index.php\/wp-json\/wp\/v2\/pages\/2","targetHints":{"allow":["GET"]}}],"collection":[{"href":"https:\/\/fire-ice-car.de\/index.php\/wp-json\/wp\/v2\/pages"}],"about":[{"href":"https:\/\/fire-ice-car.de\/index.php\/wp-json\/wp\/v2\/types\/page"}],"author":[{"embeddable":true,"href":"https:\/\/fire-ice-car.de\/index.php\/wp-json\/wp\/v2\/users\/1"}],"replies":[{"embeddable":true,"href":"https:\/\/fire-ice-car.de\/index.php\/wp-json\/wp\/v2\/comments?post=2"}],"version-history":[{"count":85,"href":"https:\/\/fire-ice-car.de\/index.php\/wp-json\/wp\/v2\/pages\/2\/revisions"}],"predecessor-version":[{"id":195,"href":"https:\/\/fire-ice-car.de\/index.php\/wp-json\/wp\/v2\/pages\/2\/revisions\/195"}],"wp:attachment":[{"href":"https:\/\/fire-ice-car.de\/index.php\/wp-json\/wp\/v2\/media?parent=2"}],"curies":[{"name":"wp","href":"https:\/\/api.w.org\/{rel}","templated":true}]}}